{"id":404,"date":"2025-07-11T03:22:13","date_gmt":"2025-07-11T03:22:13","guid":{"rendered":"https:\/\/host-inside.com\/floors\/?page_id=404"},"modified":"2025-07-17T06:02:01","modified_gmt":"2025-07-17T06:02:01","slug":"proyectos","status":"publish","type":"page","link":"https:\/\/host-inside.com\/floors\/proyectos\/","title":{"rendered":"Proyectos"},"content":{"rendered":"\n<div class=\"wp-block-themepunch-revslider revslider\" data-modal=\"false\" data-slidertitle=\"Slider proyectos\" style=\"\">\n\t\t\t\t<p class=\"rs-p-wp-fix\"><\/p>\n\t\t\t\t<sr7-module data-alias=\"slider-proyectos\" data-id=\"10\" id=\"SR7_10_1\" class=\"rs-ov-hidden\" data-version=\"6.7.18\">\n\t\t\t\t\t<sr7-adjuster><\/sr7-adjuster>\n\t\t\t\t\t<sr7-content>\n\t\t\t\t\t\t<sr7-slide id=\"SR7_10_1-30\" data-key=\"30\">\n\t\t\t\t\t\t\t<sr7-bg id=\"SR7_10_1-30-2\" class=\"sr7-layer\"><noscript><img decoding=\"async\" src=\"https:\/\/host-inside.com\/floors\/wp-content\/uploads\/2025\/07\/cabecera-proyectos.jpg\" alt=\"\" title=\"cabecera-proyectos\"><\/noscript><\/sr7-bg>\n\t\t\t\t\t\t\t<sr7-txt id=\"SR7_10_1-30-0\" class=\"sr7-layer\">NUESTROS PROYECTOS<\/sr7-txt>\n\t\t\t\t\t\t\t<a id=\"SR7_10_1-30-1\" class=\"sr7-layer\" href=\"https:\/\/host-inside.com\/floors\/contacto\/\" target=\"_self\">CONT\u00c1CTANOS<\/a>\n\t\t\t\t\t\t<\/sr7-slide>\n\t\t\t\t\t\t<sr7-slide id=\"SR7_10_1-31\" data-key=\"31\">\n\t\t\t\t\t\t<\/sr7-slide>\n\t\t\t\t\t<\/sr7-content>\n\t\t\t\t\t<image_lists style=\"display:none\">\n\t\t\t\t\t\t<img data-src=\"\/\/host-inside.com\/floors\/wp-content\/uploads\/2025\/07\/cabecera-proyectos.jpg\" data-libid=\"439\" data-lib=\"medialibrary\" title=\"cabecera-proyectos\" width=\"0\" height=\"0\" data-dbsrc=\"Ly9ob3N0LWluc2lkZS5jb20vZmxvb3JzL3dwLWNvbnRlbnQvdXBsb2Fkcy8yMDI1LzA3L2NhYmVjZXJhLXByb3llY3Rvcy5qcGc=\"\/>\n\t\t\t\t\t<\/image_lists>\n\t\t\t\t<\/sr7-module>\n\t\t\t\t<script>\n\t\t\t\t\tSR7.PMH ??={}; SR7.PMH[\"SR7_10_1\"] = {cn:0,state:false,fn: function() { if (_tpt!==undefined && _tpt.prepareModuleHeight !== undefined) {  _tpt.prepareModuleHeight({id:\"SR7_10_1\",el:[400,400,768,960,720],type:'standard',shdw:'0',gh:[400,400,330,251,155],gw:[1240,1240,1024,778,480],vpt:['100px'],size:{fullWidth:true, fullHeight:false},mh:'0',onh:0,onw:0,bg:{color:'{\"orig\":\"transparent\",\"type\":\"solid\",\"string\":\"transparent\"}'}});   SR7.PMH[\"SR7_10_1\"].state=true;} else if((SR7.PMH[\"SR7_10_1\"].cn++)<100)\tsetTimeout( SR7.PMH[\"SR7_10_1\"].fn,19);}};SR7.PMH[\"SR7_10_1\" ].fn();\n\t\t\t\t<\/script>\n<\/div>\n\n\n\n<\/div>\n<\/div>\n<\/div>\n<\/div>\n<div class=\"bg-azul grales py-4\">\n<div class=\"container\">\n<div class=\"row justify-content-center\">\n<div class=\"col-md-10 text-center color-blanco\">\n<h2 class=\"color-blanco font-weight-normal\">Pistas de Atletismo y Trotapistas construidas en todo M\u00e9xico.<\/h2>\n<h3 class=\"color-blanco font-25\">M\u00e1s de 10 a\u00f1os de experiencia en instalaci\u00f3n, restauraci\u00f3n y consultor\u00eda.<\/h3>\n<\/div>\n<\/div>\n<\/div>\n<\/div>\n<div class=\"grales\">\n<div class=\"container\">\n\n\n\n<h3 class=\"wp-block-heading has-text-align-center\">PROYECTOS REALIZADOS<\/h3>\n\n\n\n<hr class=\"wp-block-separator has-alpha-channel-opacity\"\/>\n\n\n\n<div class=\"wp-block-columns is-layout-flex wp-container-core-columns-is-layout-9d6595d7 wp-block-columns-is-layout-flex\">\n<div class=\"wp-block-column is-layout-flow wp-block-column-is-layout-flow\"><div class=\"wp-block-image\">\n<figure class=\"aligncenter size-full\"><img loading=\"lazy\" decoding=\"async\" width=\"400\" height=\"300\" src=\"https:\/\/host-inside.com\/floors\/wp-content\/uploads\/2025\/07\/novofloors_acatlan_estado_de_mexico.jpg\" alt=\"\" class=\"wp-image-571\" srcset=\"https:\/\/host-inside.com\/floors\/wp-content\/uploads\/2025\/07\/novofloors_acatlan_estado_de_mexico.jpg 400w, https:\/\/host-inside.com\/floors\/wp-content\/uploads\/2025\/07\/novofloors_acatlan_estado_de_mexico-300x225.jpg 300w\" sizes=\"auto, (max-width: 400px) 100vw, 400px\" \/><\/figure>\n<\/div>\n\n\n<h6 class=\"wp-block-heading has-text-align-center\">PISTA DE ACATL\u00c1N &#8211; ESTADO DE M\u00c9XICO<\/h6>\n<\/div>\n\n\n\n<div class=\"wp-block-column is-layout-flow wp-block-column-is-layout-flow\"><div class=\"wp-block-image\">\n<figure class=\"aligncenter size-full\"><img loading=\"lazy\" decoding=\"async\" width=\"400\" height=\"300\" src=\"https:\/\/host-inside.com\/floors\/wp-content\/uploads\/2025\/07\/novofloors_estadio_salvador_alvarado_en_merida_yucatan.jpg\" alt=\"\" class=\"wp-image-572\" srcset=\"https:\/\/host-inside.com\/floors\/wp-content\/uploads\/2025\/07\/novofloors_estadio_salvador_alvarado_en_merida_yucatan.jpg 400w, https:\/\/host-inside.com\/floors\/wp-content\/uploads\/2025\/07\/novofloors_estadio_salvador_alvarado_en_merida_yucatan-300x225.jpg 300w\" sizes=\"auto, (max-width: 400px) 100vw, 400px\" \/><\/figure>\n<\/div>\n\n\n<h6 class=\"wp-block-heading has-text-align-center\">ESTADIO SALVADOR ALVARADO &#8211; M\u00c9RIDA YUCAT\u00c1N<\/h6>\n<\/div>\n\n\n\n<div class=\"wp-block-column is-layout-flow wp-block-column-is-layout-flow\"><div class=\"wp-block-image\">\n<figure class=\"aligncenter size-full\"><img loading=\"lazy\" decoding=\"async\" width=\"400\" height=\"300\" src=\"https:\/\/host-inside.com\/floors\/wp-content\/uploads\/2025\/07\/novofloors_ixtapaluca_estado_de_mexico.jpg\" alt=\"\" class=\"wp-image-573\" srcset=\"https:\/\/host-inside.com\/floors\/wp-content\/uploads\/2025\/07\/novofloors_ixtapaluca_estado_de_mexico.jpg 400w, https:\/\/host-inside.com\/floors\/wp-content\/uploads\/2025\/07\/novofloors_ixtapaluca_estado_de_mexico-300x225.jpg 300w\" sizes=\"auto, (max-width: 400px) 100vw, 400px\" \/><\/figure>\n<\/div>\n\n\n<h6 class=\"wp-block-heading has-text-align-center\">IXTAPALUCA &#8211; ESTADO DE M\u00c9XICO<\/h6>\n<\/div>\n<\/div>\n\n\n\n<div class=\"wp-block-columns is-layout-flex wp-container-core-columns-is-layout-9d6595d7 wp-block-columns-is-layout-flex\">\n<div class=\"wp-block-column is-layout-flow wp-block-column-is-layout-flow\"><div class=\"wp-block-image\">\n<figure class=\"aligncenter size-full\"><img loading=\"lazy\" decoding=\"async\" width=\"400\" height=\"300\" src=\"https:\/\/host-inside.com\/floors\/wp-content\/uploads\/2025\/07\/novofloors_pista_de_atletismo_en_tlaxcala.jpg\" alt=\"\" class=\"wp-image-574\" srcset=\"https:\/\/host-inside.com\/floors\/wp-content\/uploads\/2025\/07\/novofloors_pista_de_atletismo_en_tlaxcala.jpg 400w, https:\/\/host-inside.com\/floors\/wp-content\/uploads\/2025\/07\/novofloors_pista_de_atletismo_en_tlaxcala-300x225.jpg 300w\" sizes=\"auto, (max-width: 400px) 100vw, 400px\" \/><\/figure>\n<\/div>\n\n\n<h6 class=\"wp-block-heading has-text-align-center\">PISTA TLAXCALA<\/h6>\n<\/div>\n\n\n\n<div class=\"wp-block-column is-layout-flow wp-block-column-is-layout-flow\"><div class=\"wp-block-image\">\n<figure class=\"aligncenter size-full\"><img loading=\"lazy\" decoding=\"async\" width=\"400\" height=\"300\" src=\"https:\/\/host-inside.com\/floors\/wp-content\/uploads\/2025\/07\/novofloors_pista_en_mexicali_bajaalifornia.jpg\" alt=\"\" class=\"wp-image-575\" srcset=\"https:\/\/host-inside.com\/floors\/wp-content\/uploads\/2025\/07\/novofloors_pista_en_mexicali_bajaalifornia.jpg 400w, https:\/\/host-inside.com\/floors\/wp-content\/uploads\/2025\/07\/novofloors_pista_en_mexicali_bajaalifornia-300x225.jpg 300w\" sizes=\"auto, (max-width: 400px) 100vw, 400px\" \/><\/figure>\n<\/div>\n\n\n<h6 class=\"wp-block-heading has-text-align-center\">PISTA MEXICALI BAJA CALIFORNIA<\/h6>\n<\/div>\n\n\n\n<div class=\"wp-block-column is-layout-flow wp-block-column-is-layout-flow\"><div class=\"wp-block-image\">\n<figure class=\"aligncenter size-full\"><img loading=\"lazy\" decoding=\"async\" width=\"400\" height=\"300\" src=\"https:\/\/host-inside.com\/floors\/wp-content\/uploads\/2025\/07\/novofloors_pista_huatabampo_sonora.jpg\" alt=\"\" class=\"wp-image-576\" srcset=\"https:\/\/host-inside.com\/floors\/wp-content\/uploads\/2025\/07\/novofloors_pista_huatabampo_sonora.jpg 400w, https:\/\/host-inside.com\/floors\/wp-content\/uploads\/2025\/07\/novofloors_pista_huatabampo_sonora-300x225.jpg 300w\" sizes=\"auto, (max-width: 400px) 100vw, 400px\" \/><\/figure>\n<\/div>\n\n\n<h6 class=\"wp-block-heading has-text-align-center\">PISTA HUATABAMPO &#8211; SONORA<\/h6>\n<\/div>\n<\/div>\n\n\n\n<div class=\"wp-block-columns is-layout-flex wp-container-core-columns-is-layout-9d6595d7 wp-block-columns-is-layout-flex\">\n<div class=\"wp-block-column is-layout-flow wp-block-column-is-layout-flow\"><div class=\"wp-block-image\">\n<figure data-wp-context=\"{&quot;imageId&quot;:&quot;69e3cfe6c5fe5&quot;}\" data-wp-interactive=\"core\/image\" data-wp-key=\"69e3cfe6c5fe5\" class=\"aligncenter size-full wp-lightbox-container\"><img loading=\"lazy\" decoding=\"async\" width=\"400\" height=\"300\" data-wp-class--hide=\"state.isContentHidden\" data-wp-class--show=\"state.isContentVisible\" data-wp-init=\"callbacks.setButtonStyles\" data-wp-on--click=\"actions.showLightbox\" data-wp-on--load=\"callbacks.setButtonStyles\" data-wp-on-window--resize=\"callbacks.setButtonStyles\" src=\"https:\/\/host-inside.com\/floors\/wp-content\/uploads\/2025\/07\/novofloors_tecnologico_tijuana_baja_california.jpg\" alt=\"\" class=\"wp-image-577\" srcset=\"https:\/\/host-inside.com\/floors\/wp-content\/uploads\/2025\/07\/novofloors_tecnologico_tijuana_baja_california.jpg 400w, https:\/\/host-inside.com\/floors\/wp-content\/uploads\/2025\/07\/novofloors_tecnologico_tijuana_baja_california-300x225.jpg 300w\" sizes=\"auto, (max-width: 400px) 100vw, 400px\" \/><button\n\t\t\tclass=\"lightbox-trigger\"\n\t\t\ttype=\"button\"\n\t\t\taria-haspopup=\"dialog\"\n\t\t\taria-label=\"Agrandar\"\n\t\t\tdata-wp-init=\"callbacks.initTriggerButton\"\n\t\t\tdata-wp-on--click=\"actions.showLightbox\"\n\t\t\tdata-wp-style--right=\"state.imageButtonRight\"\n\t\t\tdata-wp-style--top=\"state.imageButtonTop\"\n\t\t>\n\t\t\t<svg xmlns=\"http:\/\/www.w3.org\/2000\/svg\" width=\"12\" height=\"12\" fill=\"none\" viewBox=\"0 0 12 12\">\n\t\t\t\t<path fill=\"#fff\" d=\"M2 0a2 2 0 0 0-2 2v2h1.5V2a.5.5 0 0 1 .5-.5h2V0H2Zm2 10.5H2a.5.5 0 0 1-.5-.5V8H0v2a2 2 0 0 0 2 2h2v-1.5ZM8 12v-1.5h2a.5.5 0 0 0 .5-.5V8H12v2a2 2 0 0 1-2 2H8Zm2-12a2 2 0 0 1 2 2v2h-1.5V2a.5.5 0 0 0-.5-.5H8V0h2Z\" \/>\n\t\t\t<\/svg>\n\t\t<\/button><\/figure>\n<\/div>\n\n\n<h6 class=\"wp-block-heading has-text-align-center\">TECN\u00d3LOGICO TIJUANA &#8211; BAJA CALIFORNIA<\/h6>\n<\/div>\n\n\n\n<div class=\"wp-block-column is-layout-flow wp-block-column-is-layout-flow\"><div class=\"wp-block-image\">\n<figure data-wp-context=\"{&quot;imageId&quot;:&quot;69e3cfe6c64a6&quot;}\" data-wp-interactive=\"core\/image\" data-wp-key=\"69e3cfe6c64a6\" class=\"aligncenter size-full wp-lightbox-container\"><img loading=\"lazy\" decoding=\"async\" width=\"400\" height=\"300\" data-wp-class--hide=\"state.isContentHidden\" data-wp-class--show=\"state.isContentVisible\" data-wp-init=\"callbacks.setButtonStyles\" data-wp-on--click=\"actions.showLightbox\" data-wp-on--load=\"callbacks.setButtonStyles\" data-wp-on-window--resize=\"callbacks.setButtonStyles\" src=\"https:\/\/host-inside.com\/floors\/wp-content\/uploads\/2025\/07\/novofloors_trotapista_en_pedregal_ciudad_de_mexico.jpg\" alt=\"\" class=\"wp-image-578\" srcset=\"https:\/\/host-inside.com\/floors\/wp-content\/uploads\/2025\/07\/novofloors_trotapista_en_pedregal_ciudad_de_mexico.jpg 400w, https:\/\/host-inside.com\/floors\/wp-content\/uploads\/2025\/07\/novofloors_trotapista_en_pedregal_ciudad_de_mexico-300x225.jpg 300w\" sizes=\"auto, (max-width: 400px) 100vw, 400px\" \/><button\n\t\t\tclass=\"lightbox-trigger\"\n\t\t\ttype=\"button\"\n\t\t\taria-haspopup=\"dialog\"\n\t\t\taria-label=\"Agrandar\"\n\t\t\tdata-wp-init=\"callbacks.initTriggerButton\"\n\t\t\tdata-wp-on--click=\"actions.showLightbox\"\n\t\t\tdata-wp-style--right=\"state.imageButtonRight\"\n\t\t\tdata-wp-style--top=\"state.imageButtonTop\"\n\t\t>\n\t\t\t<svg xmlns=\"http:\/\/www.w3.org\/2000\/svg\" width=\"12\" height=\"12\" fill=\"none\" viewBox=\"0 0 12 12\">\n\t\t\t\t<path fill=\"#fff\" d=\"M2 0a2 2 0 0 0-2 2v2h1.5V2a.5.5 0 0 1 .5-.5h2V0H2Zm2 10.5H2a.5.5 0 0 1-.5-.5V8H0v2a2 2 0 0 0 2 2h2v-1.5ZM8 12v-1.5h2a.5.5 0 0 0 .5-.5V8H12v2a2 2 0 0 1-2 2H8Zm2-12a2 2 0 0 1 2 2v2h-1.5V2a.5.5 0 0 0-.5-.5H8V0h2Z\" \/>\n\t\t\t<\/svg>\n\t\t<\/button><\/figure>\n<\/div>\n\n\n<h6 class=\"wp-block-heading has-text-align-center\">TROTA PISTA &#8211; PEDREGAL &#8211; CDMX<\/h6>\n<\/div>\n\n\n\n<div class=\"wp-block-column is-layout-flow wp-block-column-is-layout-flow\"><\/div>\n<\/div>\n\n\n\n<\/div>\n<div class=\"bg-gris grales py-5\">\n<div class=\"container\">\n<div class=\"row justify-content-center\">\n<div class=\"col-md-8 text-center color-blanco\">\n<h2 class=\"font-weight-light mt-0 mb-4\">Somos tu mejor opci\u00f3n en superficies deportivas para tu proyecto de pista de atletismo.<\/h2>\n<a href=\"contacto\" class=\"btn-azul\">CONT\u00c1CTANOS<\/a>\n<\/div>\n<\/div>\n<\/div>\n<\/div>\n<div class=\"grales\">\n<div class=\"container\">\n\n\n\n<div style=\"height:55px\" aria-hidden=\"true\" class=\"wp-block-spacer\"><\/div>\n\n\n\n<h4 class=\"wp-block-heading\">NUESTRAS CERTIFICACIONES<\/h4>\n\n\n<div class=\"carousel-slider-outer carousel-slider-outer-image-carousel carousel-slider-outer-440\" style=\"--carousel-slider-nav-color:#f1f1f1;--carousel-slider-active-nav-color:#00d1b2;--carousel-slider-arrow-size:48px;--carousel-slider-bullet-size:10px\">\n<div id=\"&#039;id-440\" class=\"carousel-slider carousel-slider-440 arrows-visibility-never dots-visibility-never arrows-inside dots-center dots-circle owl-carousel\" data-slide-type=\"image-carousel\" data-owl-settings='{\"nav\":false,\"dots\":false,\"slideBy\":1,\"stagePadding\":0,\"margin\":10,\"loop\":true,\"lazyLoad\":false,\"autoplay\":true,\"autoplayTimeout\":5000,\"autoplaySpeed\":500,\"autoplayHoverPause\":true,\"autoWidth\":false,\"responsive\":{\"300\":{\"items\":1},\"576\":{\"items\":2},\"768\":{\"items\":2},\"1024\":{\"items\":3},\"1280\":{\"items\":4},\"1536\":{\"items\":4}}}'>\n<div class=\"carousel-slider__item\">\n\t<img loading=\"lazy\" decoding=\"async\" width=\"210\" height=\"140\" src=\"https:\/\/host-inside.com\/floors\/wp-content\/uploads\/2025\/07\/certificaciones01.jpg\" class=\"attachment-full size-full\" alt=\"\" \/><\/a><\/div>\n\n<div class=\"carousel-slider__item\">\n\t<img loading=\"lazy\" decoding=\"async\" width=\"210\" height=\"140\" src=\"https:\/\/host-inside.com\/floors\/wp-content\/uploads\/2025\/07\/certificaciones02.jpg\" class=\"attachment-full size-full\" alt=\"\" \/><\/a><\/div>\n\n<div class=\"carousel-slider__item\">\n\t<img loading=\"lazy\" decoding=\"async\" width=\"210\" height=\"140\" src=\"https:\/\/host-inside.com\/floors\/wp-content\/uploads\/2025\/07\/certificaciones03.jpg\" class=\"attachment-full size-full\" alt=\"\" \/><\/a><\/div>\n\n<div class=\"carousel-slider__item\">\n\t<img loading=\"lazy\" decoding=\"async\" width=\"210\" height=\"140\" src=\"https:\/\/host-inside.com\/floors\/wp-content\/uploads\/2025\/07\/certificaciones04.jpg\" class=\"attachment-full size-full\" alt=\"\" \/><\/a><\/div>\n\n<\/div><!-- .carousel-slider-440 -->\n<\/div><!-- .carousel-slider-outer-440 -->\n\n\n\n\n<div style=\"height:55px\" aria-hidden=\"true\" class=\"wp-block-spacer\"><\/div>\n","protected":false},"excerpt":{"rendered":"<p>Pistas de Atletismo y Trotapistas construidas en todo M\u00e9xico. M\u00e1s de 10 a\u00f1os de experiencia en instalaci\u00f3n, restauraci\u00f3n y consultor\u00eda. PROYECTOS REALIZADOS PISTA DE ACATL\u00c1N &#8211; ESTADO DE M\u00c9XICO ESTADIO SALVADOR ALVARADO &#8211; M\u00c9RIDA YUCAT\u00c1N IXTAPALUCA &#8211; ESTADO DE M\u00c9XICO PISTA TLAXCALA PISTA MEXICALI BAJA CALIFORNIA PISTA HUATABAMPO &#8211; SONORA TECN\u00d3LOGICO TIJUANA &#8211; BAJA CALIFORNIA [&hellip;]<\/p>\n","protected":false},"author":1,"featured_media":0,"parent":0,"menu_order":0,"comment_status":"closed","ping_status":"closed","template":"fullwidth.php","meta":{"_acf_changed":false,"footnotes":""},"class_list":["post-404","page","type-page","status-publish","hentry"],"acf":[],"_links":{"self":[{"href":"https:\/\/host-inside.com\/floors\/wp-json\/wp\/v2\/pages\/404","targetHints":{"allow":["GET"]}}],"collection":[{"href":"https:\/\/host-inside.com\/floors\/wp-json\/wp\/v2\/pages"}],"about":[{"href":"https:\/\/host-inside.com\/floors\/wp-json\/wp\/v2\/types\/page"}],"author":[{"embeddable":true,"href":"https:\/\/host-inside.com\/floors\/wp-json\/wp\/v2\/users\/1"}],"replies":[{"embeddable":true,"href":"https:\/\/host-inside.com\/floors\/wp-json\/wp\/v2\/comments?post=404"}],"version-history":[{"count":30,"href":"https:\/\/host-inside.com\/floors\/wp-json\/wp\/v2\/pages\/404\/revisions"}],"predecessor-version":[{"id":596,"href":"https:\/\/host-inside.com\/floors\/wp-json\/wp\/v2\/pages\/404\/revisions\/596"}],"wp:attachment":[{"href":"https:\/\/host-inside.com\/floors\/wp-json\/wp\/v2\/media?parent=404"}],"curies":[{"name":"wp","href":"https:\/\/api.w.org\/{rel}","templated":true}]}}