{"id":406,"date":"2025-07-11T03:22:49","date_gmt":"2025-07-11T03:22:49","guid":{"rendered":"https:\/\/host-inside.com\/floors\/?page_id=406"},"modified":"2025-07-17T06:03:00","modified_gmt":"2025-07-17T06:03:00","slug":"sistema-full-pu","status":"publish","type":"page","link":"https:\/\/host-inside.com\/floors\/sistema-full-pu\/","title":{"rendered":"Sistema Full-Pu"},"content":{"rendered":"\n<div class=\"wp-block-themepunch-revslider revslider\" data-modal=\"false\" data-slidertitle=\"Slider sistemas\" style=\"\">\n\t\t\t\t<p class=\"rs-p-wp-fix\"><\/p>\n\t\t\t\t<sr7-module data-alias=\"slider-sistemas\" data-id=\"11\" id=\"SR7_11_1\" class=\"rs-ov-hidden\" data-version=\"6.7.18\">\n\t\t\t\t\t<sr7-adjuster><\/sr7-adjuster>\n\t\t\t\t\t<sr7-content>\n\t\t\t\t\t\t<sr7-slide id=\"SR7_11_1-32\" data-key=\"32\">\n\t\t\t\t\t\t\t<sr7-bg id=\"SR7_11_1-32-2\" class=\"sr7-layer\"><noscript><img decoding=\"async\" src=\"https:\/\/host-inside.com\/floors\/wp-content\/uploads\/2025\/07\/cabecera-sistemas.jpg\" alt=\"\" title=\"cabecera-sistemas\"><\/noscript><\/sr7-bg>\n\t\t\t\t\t\t\t<sr7-txt id=\"SR7_11_1-32-0\" class=\"sr7-layer\">SISTEMAS DE CONSTRUCCI\u00d3N DE PISTAS DE ATLETISMO<\/sr7-txt>\n\t\t\t\t\t\t\t<a id=\"SR7_11_1-32-1\" class=\"sr7-layer\" href=\"https:\/\/host-inside.com\/floors\/contacto\/\" target=\"_self\">CONT\u00c1CTANOS<\/a>\n\t\t\t\t\t\t<\/sr7-slide>\n\t\t\t\t\t\t<sr7-slide id=\"SR7_11_1-33\" data-key=\"33\">\n\t\t\t\t\t\t<\/sr7-slide>\n\t\t\t\t\t<\/sr7-content>\n\t\t\t\t\t<image_lists style=\"display:none\">\n\t\t\t\t\t\t<img data-src=\"\/\/host-inside.com\/floors\/wp-content\/uploads\/2025\/07\/cabecera-sistemas.jpg\" data-libid=\"476\" data-lib=\"medialibrary\" title=\"cabecera-sistemas\" width=\"0\" height=\"0\" data-dbsrc=\"Ly9ob3N0LWluc2lkZS5jb20vZmxvb3JzL3dwLWNvbnRlbnQvdXBsb2Fkcy8yMDI1LzA3L2NhYmVjZXJhLXNpc3RlbWFzLmpwZw==\"\/>\n\t\t\t\t\t<\/image_lists>\n\t\t\t\t<\/sr7-module>\n\t\t\t\t<script>\n\t\t\t\t\tSR7.PMH ??={}; SR7.PMH[\"SR7_11_1\"] = {cn:0,state:false,fn: function() { if (_tpt!==undefined && _tpt.prepareModuleHeight !== undefined) {  _tpt.prepareModuleHeight({id:\"SR7_11_1\",el:[400,400,768,960,720],type:'standard',shdw:'0',gh:[400,400,330,251,155],gw:[1240,1240,1024,778,480],vpt:['100px'],size:{fullWidth:true, fullHeight:false},mh:'0',onh:0,onw:0,bg:{color:'{\"orig\":\"transparent\",\"type\":\"solid\",\"string\":\"transparent\"}'}});   SR7.PMH[\"SR7_11_1\"].state=true;} else if((SR7.PMH[\"SR7_11_1\"].cn++)<100)\tsetTimeout( SR7.PMH[\"SR7_11_1\"].fn,19);}};SR7.PMH[\"SR7_11_1\" ].fn();\n\t\t\t\t<\/script>\n<\/div>\n\n\n\n<div style=\"height:40px\" aria-hidden=\"true\" class=\"wp-block-spacer\"><\/div>\n\n\n\n<div class=\"wp-block-columns is-layout-flex wp-container-core-columns-is-layout-9d6595d7 wp-block-columns-is-layout-flex\">\n<div class=\"wp-block-column is-layout-flow wp-block-column-is-layout-flow\">\n<h2 class=\"wp-block-heading has-text-color has-link-color wp-elements-4d600518edd3ac04cdbf3b7ab4e54ac7\" style=\"color:#0049a0\">SISTEMA FULL-PU<\/h2>\n\n\n\n<p>La capa base consiste en poliuretano de dos componentes, seguido de caucho SBR.<\/p>\n\n\n\n<p>Una capa intermedia de poliuretano\/SBR de dos componentes y una capa superior de poliuretano de pigmento id\u00e9ntico aplicado por flujo.<br>Finalmente, la pista se recubre con caucho EPDM o se roc\u00eda una mezcla de material de recubrimiento en aspersi\u00f3n de colores especiales con caucho EPDM.<\/p>\n\n\n\n<p>El dise\u00f1o, las l\u00edneas de la pista y las marcas del evento est\u00e1n de acuerdo con la \u00faltima edici\u00f3n de las reglas y regulaciones de la IAAF.<\/p>\n<\/div>\n\n\n\n<div class=\"wp-block-column is-vertically-aligned-center is-layout-flow wp-block-column-is-layout-flow\"><div class=\"wp-block-image\">\n<figure class=\"aligncenter size-full\"><img loading=\"lazy\" decoding=\"async\" width=\"345\" height=\"256\" src=\"https:\/\/host-inside.com\/floors\/wp-content\/uploads\/2025\/07\/img-SISTEMA-FULL-PU.jpg\" alt=\"\" class=\"wp-image-482\" srcset=\"https:\/\/host-inside.com\/floors\/wp-content\/uploads\/2025\/07\/img-SISTEMA-FULL-PU.jpg 345w, https:\/\/host-inside.com\/floors\/wp-content\/uploads\/2025\/07\/img-SISTEMA-FULL-PU-300x223.jpg 300w\" sizes=\"auto, (max-width: 345px) 100vw, 345px\" \/><\/figure>\n<\/div><\/div>\n<\/div>\n\n\n\n<div style=\"height:40px\" aria-hidden=\"true\" class=\"wp-block-spacer\"><\/div>\n\n\n\n<\/div>\n<\/div>\n<\/div>\n<\/div>\n<div class=\"bg-gris grales py-4\">\n<div class=\"container\">\n<div class=\"row justify-content-center\">\n<div class=\"col-md-10 text-center color-gris\">\n<h2 class=\"color-gris font-weight-normal\">PASOS PRINCIPALES DE CONSTRUCCI\u00d3N<\/h2>\n<h4 class=\"color-gris\">\n1.  Revestimiento de capa inferior con PU completo<br><br>\n2.  Recubrimiento del cuerpo con PU a dos manos<br><br>\n3.  Recubrimiento de capa superior con PU entero con capa de difusi\u00f3n de EPDM, o capa de recubrimiento en aspersi\u00f3n en la parte superior.<\/h4>\n<\/div>\n<\/div>\n<\/div>\n<\/div>\n<div class=\"grales\">\n<div class=\"container\">\n\n\n\n<div style=\"height:40px\" aria-hidden=\"true\" class=\"wp-block-spacer\"><\/div>\n\n\n<div class=\"carousel-slider-outer carousel-slider-outer-image-carousel carousel-slider-outer-484\" style=\"--carousel-slider-nav-color:#f1f1f1;--carousel-slider-active-nav-color:rgba(10,0,0,0.68);--carousel-slider-arrow-size:48px;--carousel-slider-bullet-size:10px\">\n<div id=\"&#039;id-484\" class=\"carousel-slider carousel-slider-484 arrows-visibility-always dots-visibility-never arrows-outside dots-center dots-circle owl-carousel\" data-slide-type=\"image-carousel\" data-owl-settings='{\"nav\":true,\"dots\":false,\"slideBy\":1,\"stagePadding\":0,\"margin\":10,\"loop\":true,\"lazyLoad\":false,\"autoplay\":true,\"autoplayTimeout\":5000,\"autoplaySpeed\":500,\"autoplayHoverPause\":true,\"autoWidth\":false,\"responsive\":{\"300\":{\"items\":1},\"576\":{\"items\":2},\"768\":{\"items\":2},\"1024\":{\"items\":3},\"1280\":{\"items\":4},\"1536\":{\"items\":5}}}'>\n<div class=\"carousel-slider__item\">\n\t<img loading=\"lazy\" decoding=\"async\" width=\"150\" height=\"150\" src=\"https:\/\/host-inside.com\/floors\/wp-content\/uploads\/2025\/07\/full-pu01-2-150x150.jpg\" class=\"attachment-thumbnail size-thumbnail\" alt=\"\" srcset=\"https:\/\/host-inside.com\/floors\/wp-content\/uploads\/2025\/07\/full-pu01-2-150x150.jpg 150w, https:\/\/host-inside.com\/floors\/wp-content\/uploads\/2025\/07\/full-pu01-2.jpg 170w\" sizes=\"auto, (max-width: 150px) 100vw, 150px\" \/><\/a><\/div>\n\n<div class=\"carousel-slider__item\">\n\t<img loading=\"lazy\" decoding=\"async\" width=\"150\" height=\"150\" src=\"https:\/\/host-inside.com\/floors\/wp-content\/uploads\/2025\/07\/full-pu02-1-150x150.jpg\" class=\"attachment-thumbnail size-thumbnail\" alt=\"\" srcset=\"https:\/\/host-inside.com\/floors\/wp-content\/uploads\/2025\/07\/full-pu02-1-150x150.jpg 150w, https:\/\/host-inside.com\/floors\/wp-content\/uploads\/2025\/07\/full-pu02-1.jpg 170w\" sizes=\"auto, (max-width: 150px) 100vw, 150px\" \/><\/a><\/div>\n\n<div class=\"carousel-slider__item\">\n\t<img loading=\"lazy\" decoding=\"async\" width=\"150\" height=\"150\" src=\"https:\/\/host-inside.com\/floors\/wp-content\/uploads\/2025\/07\/full-pu03-1-150x150.jpg\" class=\"attachment-thumbnail size-thumbnail\" alt=\"\" srcset=\"https:\/\/host-inside.com\/floors\/wp-content\/uploads\/2025\/07\/full-pu03-1-150x150.jpg 150w, https:\/\/host-inside.com\/floors\/wp-content\/uploads\/2025\/07\/full-pu03-1.jpg 170w\" sizes=\"auto, (max-width: 150px) 100vw, 150px\" \/><\/a><\/div>\n\n<div class=\"carousel-slider__item\">\n\t<img loading=\"lazy\" decoding=\"async\" width=\"150\" height=\"150\" src=\"https:\/\/host-inside.com\/floors\/wp-content\/uploads\/2025\/07\/full-pu04-1-150x150.jpg\" class=\"attachment-thumbnail size-thumbnail\" alt=\"\" srcset=\"https:\/\/host-inside.com\/floors\/wp-content\/uploads\/2025\/07\/full-pu04-1-150x150.jpg 150w, https:\/\/host-inside.com\/floors\/wp-content\/uploads\/2025\/07\/full-pu04-1.jpg 170w\" sizes=\"auto, (max-width: 150px) 100vw, 150px\" \/><\/a><\/div>\n\n<div class=\"carousel-slider__item\">\n\t<img loading=\"lazy\" decoding=\"async\" width=\"150\" height=\"150\" src=\"https:\/\/host-inside.com\/floors\/wp-content\/uploads\/2025\/07\/full-pu05-1-150x150.jpg\" class=\"attachment-thumbnail size-thumbnail\" alt=\"\" srcset=\"https:\/\/host-inside.com\/floors\/wp-content\/uploads\/2025\/07\/full-pu05-1-150x150.jpg 150w, https:\/\/host-inside.com\/floors\/wp-content\/uploads\/2025\/07\/full-pu05-1.jpg 170w\" sizes=\"auto, (max-width: 150px) 100vw, 150px\" \/><\/a><\/div>\n\n<div class=\"carousel-slider__item\">\n\t<img loading=\"lazy\" decoding=\"async\" width=\"150\" height=\"150\" src=\"https:\/\/host-inside.com\/floors\/wp-content\/uploads\/2025\/07\/full-pu06-1-150x150.jpg\" class=\"attachment-thumbnail size-thumbnail\" alt=\"\" srcset=\"https:\/\/host-inside.com\/floors\/wp-content\/uploads\/2025\/07\/full-pu06-1-150x150.jpg 150w, https:\/\/host-inside.com\/floors\/wp-content\/uploads\/2025\/07\/full-pu06-1.jpg 170w\" sizes=\"auto, (max-width: 150px) 100vw, 150px\" \/><\/a><\/div>\n\n<div class=\"carousel-slider__item\">\n\t<img loading=\"lazy\" decoding=\"async\" width=\"150\" height=\"150\" src=\"https:\/\/host-inside.com\/floors\/wp-content\/uploads\/2025\/07\/full-pu07-1-150x150.jpg\" class=\"attachment-thumbnail size-thumbnail\" alt=\"\" srcset=\"https:\/\/host-inside.com\/floors\/wp-content\/uploads\/2025\/07\/full-pu07-1-150x150.jpg 150w, https:\/\/host-inside.com\/floors\/wp-content\/uploads\/2025\/07\/full-pu07-1.jpg 170w\" sizes=\"auto, (max-width: 150px) 100vw, 150px\" \/><\/a><\/div>\n\n<\/div><!-- .carousel-slider-484 -->\n<\/div><!-- .carousel-slider-outer-484 -->\n\n\n\n\n<div style=\"height:40px\" aria-hidden=\"true\" class=\"wp-block-spacer\"><\/div>\n\n\n<div class=\"wp-block-image\">\n<figure class=\"aligncenter size-large\"><img loading=\"lazy\" decoding=\"async\" width=\"940\" height=\"1024\" src=\"https:\/\/host-inside.com\/floors\/wp-content\/uploads\/2025\/07\/img-SISTEMA-FULL-PU-2-940x1024.jpg\" alt=\"\" class=\"wp-image-492\" srcset=\"https:\/\/host-inside.com\/floors\/wp-content\/uploads\/2025\/07\/img-SISTEMA-FULL-PU-2-940x1024.jpg 940w, https:\/\/host-inside.com\/floors\/wp-content\/uploads\/2025\/07\/img-SISTEMA-FULL-PU-2-275x300.jpg 275w, https:\/\/host-inside.com\/floors\/wp-content\/uploads\/2025\/07\/img-SISTEMA-FULL-PU-2-768x837.jpg 768w, https:\/\/host-inside.com\/floors\/wp-content\/uploads\/2025\/07\/img-SISTEMA-FULL-PU-2.jpg 946w\" sizes=\"auto, (max-width: 940px) 100vw, 940px\" \/><\/figure>\n<\/div>\n\n\n<div style=\"height:55px\" aria-hidden=\"true\" class=\"wp-block-spacer\"><\/div>\n\n\n\n<h3 class=\"wp-block-heading has-text-color has-link-color wp-elements-db64e24685ba2d6337ec4a1823ef4403\" style=\"color:#606060\">NUESTRAS CERTIFICACIONES<\/h3>\n\n\n<div class=\"carousel-slider-outer carousel-slider-outer-image-carousel carousel-slider-outer-440\" style=\"--carousel-slider-nav-color:#f1f1f1;--carousel-slider-active-nav-color:#00d1b2;--carousel-slider-arrow-size:48px;--carousel-slider-bullet-size:10px\">\n<div id=\"&#039;id-440\" class=\"carousel-slider carousel-slider-440 arrows-visibility-never dots-visibility-never arrows-inside dots-center dots-circle owl-carousel\" data-slide-type=\"image-carousel\" data-owl-settings='{\"nav\":false,\"dots\":false,\"slideBy\":1,\"stagePadding\":0,\"margin\":10,\"loop\":true,\"lazyLoad\":false,\"autoplay\":true,\"autoplayTimeout\":5000,\"autoplaySpeed\":500,\"autoplayHoverPause\":true,\"autoWidth\":false,\"responsive\":{\"300\":{\"items\":1},\"576\":{\"items\":2},\"768\":{\"items\":2},\"1024\":{\"items\":3},\"1280\":{\"items\":4},\"1536\":{\"items\":4}}}'>\n<div class=\"carousel-slider__item\">\n\t<img loading=\"lazy\" decoding=\"async\" width=\"210\" height=\"140\" src=\"https:\/\/host-inside.com\/floors\/wp-content\/uploads\/2025\/07\/certificaciones01.jpg\" class=\"attachment-full size-full\" alt=\"\" \/><\/a><\/div>\n\n<div class=\"carousel-slider__item\">\n\t<img loading=\"lazy\" decoding=\"async\" width=\"210\" height=\"140\" src=\"https:\/\/host-inside.com\/floors\/wp-content\/uploads\/2025\/07\/certificaciones02.jpg\" class=\"attachment-full size-full\" alt=\"\" \/><\/a><\/div>\n\n<div class=\"carousel-slider__item\">\n\t<img loading=\"lazy\" decoding=\"async\" width=\"210\" height=\"140\" src=\"https:\/\/host-inside.com\/floors\/wp-content\/uploads\/2025\/07\/certificaciones03.jpg\" class=\"attachment-full size-full\" alt=\"\" \/><\/a><\/div>\n\n<div class=\"carousel-slider__item\">\n\t<img loading=\"lazy\" decoding=\"async\" width=\"210\" height=\"140\" src=\"https:\/\/host-inside.com\/floors\/wp-content\/uploads\/2025\/07\/certificaciones04.jpg\" class=\"attachment-full size-full\" alt=\"\" \/><\/a><\/div>\n\n<\/div><!-- .carousel-slider-440 -->\n<\/div><!-- .carousel-slider-outer-440 -->\n\n\n\n\n<div style=\"height:55px\" aria-hidden=\"true\" class=\"wp-block-spacer\"><\/div>\n","protected":false},"excerpt":{"rendered":"<p>SISTEMA FULL-PU La capa base consiste en poliuretano de dos componentes, seguido de caucho SBR. Una capa intermedia de poliuretano\/SBR de dos componentes y una capa superior de poliuretano de pigmento id\u00e9ntico aplicado por flujo.Finalmente, la pista se recubre con caucho EPDM o se roc\u00eda una mezcla de material de recubrimiento en aspersi\u00f3n de colores [&hellip;]<\/p>\n","protected":false},"author":1,"featured_media":0,"parent":0,"menu_order":0,"comment_status":"closed","ping_status":"closed","template":"fullwidth.php","meta":{"_acf_changed":false,"footnotes":""},"class_list":["post-406","page","type-page","status-publish","hentry"],"acf":[],"_links":{"self":[{"href":"https:\/\/host-inside.com\/floors\/wp-json\/wp\/v2\/pages\/406","targetHints":{"allow":["GET"]}}],"collection":[{"href":"https:\/\/host-inside.com\/floors\/wp-json\/wp\/v2\/pages"}],"about":[{"href":"https:\/\/host-inside.com\/floors\/wp-json\/wp\/v2\/types\/page"}],"author":[{"embeddable":true,"href":"https:\/\/host-inside.com\/floors\/wp-json\/wp\/v2\/users\/1"}],"replies":[{"embeddable":true,"href":"https:\/\/host-inside.com\/floors\/wp-json\/wp\/v2\/comments?post=406"}],"version-history":[{"count":10,"href":"https:\/\/host-inside.com\/floors\/wp-json\/wp\/v2\/pages\/406\/revisions"}],"predecessor-version":[{"id":597,"href":"https:\/\/host-inside.com\/floors\/wp-json\/wp\/v2\/pages\/406\/revisions\/597"}],"wp:attachment":[{"href":"https:\/\/host-inside.com\/floors\/wp-json\/wp\/v2\/media?parent=406"}],"curies":[{"name":"wp","href":"https:\/\/api.w.org\/{rel}","templated":true}]}}