{"id":408,"date":"2025-07-11T03:23:13","date_gmt":"2025-07-11T03:23:13","guid":{"rendered":"https:\/\/host-inside.com\/floors\/?page_id=408"},"modified":"2025-07-17T06:03:38","modified_gmt":"2025-07-17T06:03:38","slug":"spray-coat","status":"publish","type":"page","link":"https:\/\/host-inside.com\/floors\/spray-coat\/","title":{"rendered":"Spray Coat"},"content":{"rendered":"\n<div class=\"wp-block-themepunch-revslider revslider\" data-modal=\"false\" data-slidertitle=\"Slider sistemas\" style=\"\">\n\t\t\t\t<p class=\"rs-p-wp-fix\"><\/p>\n\t\t\t\t<sr7-module data-alias=\"slider-sistemas\" data-id=\"11\" id=\"SR7_11_1\" class=\"rs-ov-hidden\" data-version=\"6.7.18\">\n\t\t\t\t\t<sr7-adjuster><\/sr7-adjuster>\n\t\t\t\t\t<sr7-content>\n\t\t\t\t\t\t<sr7-slide id=\"SR7_11_1-32\" data-key=\"32\">\n\t\t\t\t\t\t\t<sr7-bg id=\"SR7_11_1-32-2\" class=\"sr7-layer\"><noscript><img decoding=\"async\" src=\"https:\/\/host-inside.com\/floors\/wp-content\/uploads\/2025\/07\/cabecera-sistemas.jpg\" alt=\"\" title=\"cabecera-sistemas\"><\/noscript><\/sr7-bg>\n\t\t\t\t\t\t\t<sr7-txt id=\"SR7_11_1-32-0\" class=\"sr7-layer\">SISTEMAS DE CONSTRUCCI\u00d3N DE PISTAS DE ATLETISMO<\/sr7-txt>\n\t\t\t\t\t\t\t<a id=\"SR7_11_1-32-1\" class=\"sr7-layer\" href=\"https:\/\/host-inside.com\/floors\/contacto\/\" target=\"_self\">CONT\u00c1CTANOS<\/a>\n\t\t\t\t\t\t<\/sr7-slide>\n\t\t\t\t\t\t<sr7-slide id=\"SR7_11_1-33\" data-key=\"33\">\n\t\t\t\t\t\t<\/sr7-slide>\n\t\t\t\t\t<\/sr7-content>\n\t\t\t\t\t<image_lists style=\"display:none\">\n\t\t\t\t\t\t<img data-src=\"\/\/host-inside.com\/floors\/wp-content\/uploads\/2025\/07\/cabecera-sistemas.jpg\" data-libid=\"476\" data-lib=\"medialibrary\" title=\"cabecera-sistemas\" width=\"0\" height=\"0\" data-dbsrc=\"Ly9ob3N0LWluc2lkZS5jb20vZmxvb3JzL3dwLWNvbnRlbnQvdXBsb2Fkcy8yMDI1LzA3L2NhYmVjZXJhLXNpc3RlbWFzLmpwZw==\"\/>\n\t\t\t\t\t<\/image_lists>\n\t\t\t\t<\/sr7-module>\n\t\t\t\t<script>\n\t\t\t\t\tSR7.PMH ??={}; SR7.PMH[\"SR7_11_1\"] = {cn:0,state:false,fn: function() { if (_tpt!==undefined && _tpt.prepareModuleHeight !== undefined) {  _tpt.prepareModuleHeight({id:\"SR7_11_1\",el:[400,400,768,960,720],type:'standard',shdw:'0',gh:[400,400,330,251,155],gw:[1240,1240,1024,778,480],vpt:['100px'],size:{fullWidth:true, fullHeight:false},mh:'0',onh:0,onw:0,bg:{color:'{\"orig\":\"transparent\",\"type\":\"solid\",\"string\":\"transparent\"}'}});   SR7.PMH[\"SR7_11_1\"].state=true;} else if((SR7.PMH[\"SR7_11_1\"].cn++)<100)\tsetTimeout( SR7.PMH[\"SR7_11_1\"].fn,19);}};SR7.PMH[\"SR7_11_1\" ].fn();\n\t\t\t\t<\/script>\n<\/div>\n\n\n\n<div style=\"height:40px\" aria-hidden=\"true\" class=\"wp-block-spacer\"><\/div>\n\n\n\n<div class=\"wp-block-columns is-layout-flex wp-container-core-columns-is-layout-9d6595d7 wp-block-columns-is-layout-flex\">\n<div class=\"wp-block-column is-layout-flow wp-block-column-is-layout-flow\">\n<h2 class=\"wp-block-heading has-text-color has-link-color wp-elements-1846f8c43ab558c922b55565fb74ee45\" style=\"color:#0049a0\">SISTEMA SPRAY-COAT<br>(ESPREADO)<\/h2>\n\n\n\n<p>Se usa principalmente para pistas que son de entrenamiento o amateurs como las escuelas, los centros deportivos, universidades, y otros complejos que las utilizan para pr\u00e1cticas y competencias nacionales. A pesar de que es un sistema tipo entrenamiento est\u00e1 certificada por WORLD ATLETICS. Es decir, en caso de que la pista cumpla con los requerimientos m\u00ednimos que se establecen \u00e9sta podr\u00e1 certificarse por medio de este organismo. Cuando se busca un sistema econ\u00f3mico sin sacrificar la calidad de los materiales, el sistema NOVO FLOORS SCM es el indicado.<\/p>\n\n\n\n<p>El sistema de pista de atletismo de bloques de construcci\u00f3n es adecuado para una variedad de dise\u00f1os de instalaciones. Esta superficie sint\u00e9tica porosa pavimentada en sitio para actividades de atletismo es nuestro sistema b\u00e1sico compuesto por una capa inferior de gr\u00e1nulos de caucho ligados con poliuretano rematados con una capa aplicada por aspersi\u00f3n de poliuretano de un componente y gr\u00e1nulos de EPDM. de acuerdo con la \u00faltima edici\u00f3n de las reglas y regulaciones de la IAAF.<\/p>\n<\/div>\n\n\n\n<div class=\"wp-block-column is-vertically-aligned-center is-layout-flow wp-block-column-is-layout-flow\"><div class=\"wp-block-image\">\n<figure class=\"aligncenter size-full\"><img loading=\"lazy\" decoding=\"async\" width=\"387\" height=\"284\" src=\"https:\/\/host-inside.com\/floors\/wp-content\/uploads\/2025\/07\/img-spray-01.jpg\" alt=\"\" class=\"wp-image-514\" srcset=\"https:\/\/host-inside.com\/floors\/wp-content\/uploads\/2025\/07\/img-spray-01.jpg 387w, https:\/\/host-inside.com\/floors\/wp-content\/uploads\/2025\/07\/img-spray-01-300x220.jpg 300w\" sizes=\"auto, (max-width: 387px) 100vw, 387px\" \/><\/figure>\n<\/div><\/div>\n<\/div>\n\n\n\n<div style=\"height:40px\" aria-hidden=\"true\" class=\"wp-block-spacer\"><\/div>\n\n\n\n<\/div>\n<\/div>\n<\/div>\n<\/div>\n<div class=\"bg-gris grales py-4\">\n<div class=\"container\">\n<div class=\"row justify-content-center\">\n<div class=\"col-md-10 text-center color-gris\">\n<h2 class=\"color-gris font-weight-normal\">PASOS PRINCIPALES DE CONSTRUCCI\u00d3N<\/h2>\n<h4 class=\"color-gris\">\n1.  Riego de imprimaci\u00f3n y capa el\u00e1stica de caucho.<br><br>\n2.  Aspersi\u00f3n de poliuretano y gr\u00e1nulos de EPDM.<\/h4>\n<\/div>\n<\/div>\n<\/div>\n<\/div>\n<div class=\"grales\">\n<div class=\"container\">\n\n\n\n<div style=\"height:40px\" aria-hidden=\"true\" class=\"wp-block-spacer\"><\/div>\n\n\n<div class=\"carousel-slider-outer carousel-slider-outer-image-carousel carousel-slider-outer-509\" style=\"--carousel-slider-nav-color:#f1f1f1;--carousel-slider-active-nav-color:rgba(10,0,0,0.68);--carousel-slider-arrow-size:48px;--carousel-slider-bullet-size:10px\">\n<div id=\"&#039;id-509\" class=\"carousel-slider carousel-slider-509 arrows-visibility-always dots-visibility-never arrows-outside dots-center dots-circle owl-carousel\" data-slide-type=\"image-carousel\" data-owl-settings='{\"nav\":true,\"dots\":false,\"slideBy\":1,\"stagePadding\":0,\"margin\":10,\"loop\":true,\"lazyLoad\":false,\"autoplay\":true,\"autoplayTimeout\":5000,\"autoplaySpeed\":500,\"autoplayHoverPause\":true,\"autoWidth\":false,\"responsive\":{\"300\":{\"items\":1},\"576\":{\"items\":2},\"768\":{\"items\":2},\"1024\":{\"items\":3},\"1280\":{\"items\":3},\"1536\":{\"items\":3}}}'>\n<div class=\"carousel-slider__item\">\n\t<img loading=\"lazy\" decoding=\"async\" width=\"170\" height=\"170\" src=\"https:\/\/host-inside.com\/floors\/wp-content\/uploads\/2025\/07\/img-spray-03.jpg\" class=\"attachment-full size-full\" alt=\"\" srcset=\"https:\/\/host-inside.com\/floors\/wp-content\/uploads\/2025\/07\/img-spray-03.jpg 170w, https:\/\/host-inside.com\/floors\/wp-content\/uploads\/2025\/07\/img-spray-03-150x150.jpg 150w\" sizes=\"auto, (max-width: 170px) 100vw, 170px\" \/><\/a><\/div>\n\n<div class=\"carousel-slider__item\">\n\t<img loading=\"lazy\" decoding=\"async\" width=\"170\" height=\"170\" src=\"https:\/\/host-inside.com\/floors\/wp-content\/uploads\/2025\/07\/img-spray-04.jpg\" class=\"attachment-full size-full\" alt=\"\" srcset=\"https:\/\/host-inside.com\/floors\/wp-content\/uploads\/2025\/07\/img-spray-04.jpg 170w, https:\/\/host-inside.com\/floors\/wp-content\/uploads\/2025\/07\/img-spray-04-150x150.jpg 150w\" sizes=\"auto, (max-width: 170px) 100vw, 170px\" \/><\/a><\/div>\n\n<div class=\"carousel-slider__item\">\n\t<img loading=\"lazy\" decoding=\"async\" width=\"170\" height=\"170\" src=\"https:\/\/host-inside.com\/floors\/wp-content\/uploads\/2025\/07\/img-spray-05.jpg\" class=\"attachment-full size-full\" alt=\"\" srcset=\"https:\/\/host-inside.com\/floors\/wp-content\/uploads\/2025\/07\/img-spray-05.jpg 170w, https:\/\/host-inside.com\/floors\/wp-content\/uploads\/2025\/07\/img-spray-05-150x150.jpg 150w\" sizes=\"auto, (max-width: 170px) 100vw, 170px\" \/><\/a><\/div>\n\n<\/div><!-- .carousel-slider-509 -->\n<\/div><!-- .carousel-slider-outer-509 -->\n\n\n\n\n<div style=\"height:40px\" aria-hidden=\"true\" class=\"wp-block-spacer\"><\/div>\n\n\n<div class=\"wp-block-image\">\n<figure class=\"aligncenter size-large\"><img loading=\"lazy\" decoding=\"async\" width=\"1024\" height=\"709\" src=\"https:\/\/host-inside.com\/floors\/wp-content\/uploads\/2025\/07\/img-spray-02-1024x709.jpg\" alt=\"\" class=\"wp-image-515\" srcset=\"https:\/\/host-inside.com\/floors\/wp-content\/uploads\/2025\/07\/img-spray-02-1024x709.jpg 1024w, https:\/\/host-inside.com\/floors\/wp-content\/uploads\/2025\/07\/img-spray-02-300x208.jpg 300w, https:\/\/host-inside.com\/floors\/wp-content\/uploads\/2025\/07\/img-spray-02-768x532.jpg 768w, https:\/\/host-inside.com\/floors\/wp-content\/uploads\/2025\/07\/img-spray-02.jpg 1034w\" sizes=\"auto, (max-width: 1024px) 100vw, 1024px\" \/><\/figure>\n<\/div>\n\n\n<div style=\"height:55px\" aria-hidden=\"true\" class=\"wp-block-spacer\"><\/div>\n\n\n\n<h3 class=\"wp-block-heading has-text-color has-link-color wp-elements-db64e24685ba2d6337ec4a1823ef4403\" style=\"color:#606060\">NUESTRAS CERTIFICACIONES<\/h3>\n\n\n<div class=\"carousel-slider-outer carousel-slider-outer-image-carousel carousel-slider-outer-440\" style=\"--carousel-slider-nav-color:#f1f1f1;--carousel-slider-active-nav-color:#00d1b2;--carousel-slider-arrow-size:48px;--carousel-slider-bullet-size:10px\">\n<div id=\"&#039;id-440\" class=\"carousel-slider carousel-slider-440 arrows-visibility-never dots-visibility-never arrows-inside dots-center dots-circle owl-carousel\" data-slide-type=\"image-carousel\" data-owl-settings='{\"nav\":false,\"dots\":false,\"slideBy\":1,\"stagePadding\":0,\"margin\":10,\"loop\":true,\"lazyLoad\":false,\"autoplay\":true,\"autoplayTimeout\":5000,\"autoplaySpeed\":500,\"autoplayHoverPause\":true,\"autoWidth\":false,\"responsive\":{\"300\":{\"items\":1},\"576\":{\"items\":2},\"768\":{\"items\":2},\"1024\":{\"items\":3},\"1280\":{\"items\":4},\"1536\":{\"items\":4}}}'>\n<div class=\"carousel-slider__item\">\n\t<img loading=\"lazy\" decoding=\"async\" width=\"210\" height=\"140\" src=\"https:\/\/host-inside.com\/floors\/wp-content\/uploads\/2025\/07\/certificaciones01.jpg\" class=\"attachment-full size-full\" alt=\"\" \/><\/a><\/div>\n\n<div class=\"carousel-slider__item\">\n\t<img loading=\"lazy\" decoding=\"async\" width=\"210\" height=\"140\" src=\"https:\/\/host-inside.com\/floors\/wp-content\/uploads\/2025\/07\/certificaciones02.jpg\" class=\"attachment-full size-full\" alt=\"\" \/><\/a><\/div>\n\n<div class=\"carousel-slider__item\">\n\t<img loading=\"lazy\" decoding=\"async\" width=\"210\" height=\"140\" src=\"https:\/\/host-inside.com\/floors\/wp-content\/uploads\/2025\/07\/certificaciones03.jpg\" class=\"attachment-full size-full\" alt=\"\" \/><\/a><\/div>\n\n<div class=\"carousel-slider__item\">\n\t<img loading=\"lazy\" decoding=\"async\" width=\"210\" height=\"140\" src=\"https:\/\/host-inside.com\/floors\/wp-content\/uploads\/2025\/07\/certificaciones04.jpg\" class=\"attachment-full size-full\" alt=\"\" \/><\/a><\/div>\n\n<\/div><!-- .carousel-slider-440 -->\n<\/div><!-- .carousel-slider-outer-440 -->\n\n\n\n\n<div style=\"height:55px\" aria-hidden=\"true\" class=\"wp-block-spacer\"><\/div>\n","protected":false},"excerpt":{"rendered":"<p>SISTEMA SPRAY-COAT(ESPREADO) Se usa principalmente para pistas que son de entrenamiento o amateurs como las escuelas, los centros deportivos, universidades, y otros complejos que las utilizan para pr\u00e1cticas y competencias nacionales. A pesar de que es un sistema tipo entrenamiento est\u00e1 certificada por WORLD ATLETICS. Es decir, en caso de que la pista cumpla con [&hellip;]<\/p>\n","protected":false},"author":1,"featured_media":0,"parent":0,"menu_order":0,"comment_status":"closed","ping_status":"closed","template":"fullwidth.php","meta":{"_acf_changed":false,"footnotes":""},"class_list":["post-408","page","type-page","status-publish","hentry"],"acf":[],"_links":{"self":[{"href":"https:\/\/host-inside.com\/floors\/wp-json\/wp\/v2\/pages\/408","targetHints":{"allow":["GET"]}}],"collection":[{"href":"https:\/\/host-inside.com\/floors\/wp-json\/wp\/v2\/pages"}],"about":[{"href":"https:\/\/host-inside.com\/floors\/wp-json\/wp\/v2\/types\/page"}],"author":[{"embeddable":true,"href":"https:\/\/host-inside.com\/floors\/wp-json\/wp\/v2\/users\/1"}],"replies":[{"embeddable":true,"href":"https:\/\/host-inside.com\/floors\/wp-json\/wp\/v2\/comments?post=408"}],"version-history":[{"count":3,"href":"https:\/\/host-inside.com\/floors\/wp-json\/wp\/v2\/pages\/408\/revisions"}],"predecessor-version":[{"id":598,"href":"https:\/\/host-inside.com\/floors\/wp-json\/wp\/v2\/pages\/408\/revisions\/598"}],"wp:attachment":[{"href":"https:\/\/host-inside.com\/floors\/wp-json\/wp\/v2\/media?parent=408"}],"curies":[{"name":"wp","href":"https:\/\/api.w.org\/{rel}","templated":true}]}}