{"id":410,"date":"2025-07-11T03:23:34","date_gmt":"2025-07-11T03:23:34","guid":{"rendered":"https:\/\/host-inside.com\/floors\/?page_id=410"},"modified":"2025-07-17T06:04:12","modified_gmt":"2025-07-17T06:04:12","slug":"sandwich","status":"publish","type":"page","link":"https:\/\/host-inside.com\/floors\/sandwich\/","title":{"rendered":"Sandwich"},"content":{"rendered":"\n<div class=\"wp-block-themepunch-revslider revslider\" data-modal=\"false\" data-slidertitle=\"Slider sistemas\" style=\"\">\n\t\t\t\t<p class=\"rs-p-wp-fix\"><\/p>\n\t\t\t\t<sr7-module data-alias=\"slider-sistemas\" data-id=\"11\" id=\"SR7_11_1\" class=\"rs-ov-hidden\" data-version=\"6.7.18\">\n\t\t\t\t\t<sr7-adjuster><\/sr7-adjuster>\n\t\t\t\t\t<sr7-content>\n\t\t\t\t\t\t<sr7-slide id=\"SR7_11_1-32\" data-key=\"32\">\n\t\t\t\t\t\t\t<sr7-bg id=\"SR7_11_1-32-2\" class=\"sr7-layer\"><noscript><img decoding=\"async\" src=\"https:\/\/host-inside.com\/floors\/wp-content\/uploads\/2025\/07\/cabecera-sistemas.jpg\" alt=\"\" title=\"cabecera-sistemas\"><\/noscript><\/sr7-bg>\n\t\t\t\t\t\t\t<sr7-txt id=\"SR7_11_1-32-0\" class=\"sr7-layer\">SISTEMAS DE CONSTRUCCI\u00d3N DE PISTAS DE ATLETISMO<\/sr7-txt>\n\t\t\t\t\t\t\t<a id=\"SR7_11_1-32-1\" class=\"sr7-layer\" href=\"https:\/\/host-inside.com\/floors\/contacto\/\" target=\"_self\">CONT\u00c1CTANOS<\/a>\n\t\t\t\t\t\t<\/sr7-slide>\n\t\t\t\t\t\t<sr7-slide id=\"SR7_11_1-33\" data-key=\"33\">\n\t\t\t\t\t\t<\/sr7-slide>\n\t\t\t\t\t<\/sr7-content>\n\t\t\t\t\t<image_lists style=\"display:none\">\n\t\t\t\t\t\t<img data-src=\"\/\/host-inside.com\/floors\/wp-content\/uploads\/2025\/07\/cabecera-sistemas.jpg\" data-libid=\"476\" data-lib=\"medialibrary\" title=\"cabecera-sistemas\" width=\"0\" height=\"0\" data-dbsrc=\"Ly9ob3N0LWluc2lkZS5jb20vZmxvb3JzL3dwLWNvbnRlbnQvdXBsb2Fkcy8yMDI1LzA3L2NhYmVjZXJhLXNpc3RlbWFzLmpwZw==\"\/>\n\t\t\t\t\t<\/image_lists>\n\t\t\t\t<\/sr7-module>\n\t\t\t\t<script>\n\t\t\t\t\tSR7.PMH ??={}; SR7.PMH[\"SR7_11_1\"] = {cn:0,state:false,fn: function() { if (_tpt!==undefined && _tpt.prepareModuleHeight !== undefined) {  _tpt.prepareModuleHeight({id:\"SR7_11_1\",el:[400,400,768,960,720],type:'standard',shdw:'0',gh:[400,400,330,251,155],gw:[1240,1240,1024,778,480],vpt:['100px'],size:{fullWidth:true, fullHeight:false},mh:'0',onh:0,onw:0,bg:{color:'{\"orig\":\"transparent\",\"type\":\"solid\",\"string\":\"transparent\"}'}});   SR7.PMH[\"SR7_11_1\"].state=true;} else if((SR7.PMH[\"SR7_11_1\"].cn++)<100)\tsetTimeout( SR7.PMH[\"SR7_11_1\"].fn,19);}};SR7.PMH[\"SR7_11_1\" ].fn();\n\t\t\t\t<\/script>\n<\/div>\n\n\n\n<div style=\"height:40px\" aria-hidden=\"true\" class=\"wp-block-spacer\"><\/div>\n\n\n\n<div class=\"wp-block-columns is-layout-flex wp-container-core-columns-is-layout-9d6595d7 wp-block-columns-is-layout-flex\">\n<div class=\"wp-block-column is-layout-flow wp-block-column-is-layout-flow\">\n<h2 class=\"wp-block-heading has-text-color has-link-color wp-elements-b3f7828344420a8f40a5e4fd290d9f05\" style=\"color:#0049a0\">SISTEMA SANDWICH<\/h2>\n\n\n\n<p>El Sistema NOVO FLOORS SWM (SANDWICH) es de material impermeable y puede usarse para competencias nacionales e internacionales.<\/p>\n\n\n\n<p>Es nuestro sistema de m\u00e1s alta calidad que garantiza largo tiempo de vida y tambi\u00e9n est\u00e1 certificado por WORLD ATHLETICS. Cuando se busca algo de primer mundo NOVO FLOORS SWM (SANDWICH) es el indicado.<\/p>\n\n\n\n<p>Un distinguido sistema de atletismo ideal para universidades y escuelas secundarias, o para instalaciones de alto tr\u00e1fico.<\/p>\n\n\n\n<p>Esta superficie de rodadura impermeable se compone de gr\u00e1nulos de caucho SBR en bloques ranurados unidos con un aglutinante de poliuretano mono componente. La capa superior de la superficie es una composici\u00f3n de gr\u00e1nulos de EPDM coloreados y una mezcla de material de poliuretano de dos componentes de color similar con caucho<\/p>\n\n\n\n<p>El dise\u00f1o, las l\u00edneas de las pistas y las marcas del evento est\u00e1n de acuerdo con la \u00faltima edici\u00f3n de las reglas y regu- laciones de la IAAF.<\/p>\n<\/div>\n\n\n\n<div class=\"wp-block-column is-vertically-aligned-center is-layout-flow wp-block-column-is-layout-flow\"><div class=\"wp-block-image\">\n<figure class=\"aligncenter size-full\"><img loading=\"lazy\" decoding=\"async\" width=\"475\" height=\"289\" src=\"https:\/\/host-inside.com\/floors\/wp-content\/uploads\/2025\/07\/img-sandwich-01.jpg\" alt=\"\" class=\"wp-image-519\" srcset=\"https:\/\/host-inside.com\/floors\/wp-content\/uploads\/2025\/07\/img-sandwich-01.jpg 475w, https:\/\/host-inside.com\/floors\/wp-content\/uploads\/2025\/07\/img-sandwich-01-300x183.jpg 300w\" sizes=\"auto, (max-width: 475px) 100vw, 475px\" \/><\/figure>\n<\/div><\/div>\n<\/div>\n\n\n\n<div style=\"height:40px\" aria-hidden=\"true\" class=\"wp-block-spacer\"><\/div>\n\n\n\n<\/div>\n<\/div>\n<\/div>\n<\/div>\n<div class=\"bg-gris grales py-4\">\n<div class=\"container\">\n<div class=\"row justify-content-center\">\n<div class=\"col-md-10 text-center color-gris\">\n<h2 class=\"color-gris font-weight-normal\">PASOS PRINCIPALES DE CONSTRUCCI\u00d3N<\/h2>\n<h4 class=\"color-gris\">\n1.  Pavimento de imprimaci\u00f3n y capa el\u00e1stica de caucho. <br>\n2.  Material de PU completo con polvo de EPDM para sellar la superficie de goma.<br>\n3.  Material de PU completo para recubrimiento de capa intermedia.<br>\n4. Recubrimiento de capa superficial de PU con capa de difusi\u00f3n de EPDM o capa de recubrimiento en aerosol en la parte superior.<\/h4>\n<\/div>\n<\/div>\n<\/div>\n<\/div>\n<div class=\"grales\">\n<div class=\"container\">\n\n\n\n<div style=\"height:40px\" aria-hidden=\"true\" class=\"wp-block-spacer\"><\/div>\n\n\n<div class=\"carousel-slider-outer carousel-slider-outer-image-carousel carousel-slider-outer-520\" style=\"--carousel-slider-nav-color:#f1f1f1;--carousel-slider-active-nav-color:#00d1b2;--carousel-slider-arrow-size:48px;--carousel-slider-bullet-size:10px\">\n<div id=\"&#039;id-520\" class=\"carousel-slider carousel-slider-520 arrows-visibility-hover dots-visibility-never arrows-outside dots-center dots-circle owl-carousel\" data-slide-type=\"image-carousel\" data-owl-settings='{\"nav\":true,\"dots\":false,\"slideBy\":1,\"stagePadding\":0,\"margin\":10,\"loop\":true,\"lazyLoad\":false,\"autoplay\":true,\"autoplayTimeout\":5000,\"autoplaySpeed\":500,\"autoplayHoverPause\":true,\"autoWidth\":false,\"responsive\":{\"300\":{\"items\":1},\"576\":{\"items\":2},\"768\":{\"items\":2},\"1024\":{\"items\":3},\"1280\":{\"items\":4},\"1536\":{\"items\":5}}}'>\n<div class=\"carousel-slider__item\">\n\t<img loading=\"lazy\" decoding=\"async\" width=\"170\" height=\"170\" src=\"https:\/\/host-inside.com\/floors\/wp-content\/uploads\/2025\/07\/img-sandwich-03.jpg\" class=\"attachment-full size-full\" alt=\"\" srcset=\"https:\/\/host-inside.com\/floors\/wp-content\/uploads\/2025\/07\/img-sandwich-03.jpg 170w, https:\/\/host-inside.com\/floors\/wp-content\/uploads\/2025\/07\/img-sandwich-03-150x150.jpg 150w\" sizes=\"auto, (max-width: 170px) 100vw, 170px\" \/><\/a><\/div>\n\n<div class=\"carousel-slider__item\">\n\t<img loading=\"lazy\" decoding=\"async\" width=\"170\" height=\"170\" src=\"https:\/\/host-inside.com\/floors\/wp-content\/uploads\/2025\/07\/img-sandwich-04.jpg\" class=\"attachment-full size-full\" alt=\"\" srcset=\"https:\/\/host-inside.com\/floors\/wp-content\/uploads\/2025\/07\/img-sandwich-04.jpg 170w, https:\/\/host-inside.com\/floors\/wp-content\/uploads\/2025\/07\/img-sandwich-04-150x150.jpg 150w\" sizes=\"auto, (max-width: 170px) 100vw, 170px\" \/><\/a><\/div>\n\n<div class=\"carousel-slider__item\">\n\t<img loading=\"lazy\" decoding=\"async\" width=\"170\" height=\"170\" src=\"https:\/\/host-inside.com\/floors\/wp-content\/uploads\/2025\/07\/img-sandwich-05.jpg\" class=\"attachment-full size-full\" alt=\"\" srcset=\"https:\/\/host-inside.com\/floors\/wp-content\/uploads\/2025\/07\/img-sandwich-05.jpg 170w, https:\/\/host-inside.com\/floors\/wp-content\/uploads\/2025\/07\/img-sandwich-05-150x150.jpg 150w\" sizes=\"auto, (max-width: 170px) 100vw, 170px\" \/><\/a><\/div>\n\n<div class=\"carousel-slider__item\">\n\t<img loading=\"lazy\" decoding=\"async\" width=\"170\" height=\"170\" src=\"https:\/\/host-inside.com\/floors\/wp-content\/uploads\/2025\/07\/img-sandwich-06.jpg\" class=\"attachment-full size-full\" alt=\"\" srcset=\"https:\/\/host-inside.com\/floors\/wp-content\/uploads\/2025\/07\/img-sandwich-06.jpg 170w, https:\/\/host-inside.com\/floors\/wp-content\/uploads\/2025\/07\/img-sandwich-06-150x150.jpg 150w\" sizes=\"auto, (max-width: 170px) 100vw, 170px\" \/><\/a><\/div>\n\n<div class=\"carousel-slider__item\">\n\t<img loading=\"lazy\" decoding=\"async\" width=\"170\" height=\"170\" src=\"https:\/\/host-inside.com\/floors\/wp-content\/uploads\/2025\/07\/img-sandwich-07.jpg\" class=\"attachment-full size-full\" alt=\"\" srcset=\"https:\/\/host-inside.com\/floors\/wp-content\/uploads\/2025\/07\/img-sandwich-07.jpg 170w, https:\/\/host-inside.com\/floors\/wp-content\/uploads\/2025\/07\/img-sandwich-07-150x150.jpg 150w\" sizes=\"auto, (max-width: 170px) 100vw, 170px\" \/><\/a><\/div>\n\n<div class=\"carousel-slider__item\">\n\t<img loading=\"lazy\" decoding=\"async\" width=\"170\" height=\"170\" src=\"https:\/\/host-inside.com\/floors\/wp-content\/uploads\/2025\/07\/img-sandwich-08.jpg\" class=\"attachment-full size-full\" alt=\"\" srcset=\"https:\/\/host-inside.com\/floors\/wp-content\/uploads\/2025\/07\/img-sandwich-08.jpg 170w, https:\/\/host-inside.com\/floors\/wp-content\/uploads\/2025\/07\/img-sandwich-08-150x150.jpg 150w\" sizes=\"auto, (max-width: 170px) 100vw, 170px\" \/><\/a><\/div>\n\n<\/div><!-- .carousel-slider-520 -->\n<\/div><!-- .carousel-slider-outer-520 -->\n\n\n\n\n<div style=\"height:40px\" aria-hidden=\"true\" class=\"wp-block-spacer\"><\/div>\n\n\n<div class=\"wp-block-image\">\n<figure class=\"aligncenter size-full\"><img loading=\"lazy\" decoding=\"async\" width=\"950\" height=\"1013\" src=\"https:\/\/host-inside.com\/floors\/wp-content\/uploads\/2025\/07\/img-sandwich-02.jpg\" alt=\"\" class=\"wp-image-527\" srcset=\"https:\/\/host-inside.com\/floors\/wp-content\/uploads\/2025\/07\/img-sandwich-02.jpg 950w, https:\/\/host-inside.com\/floors\/wp-content\/uploads\/2025\/07\/img-sandwich-02-281x300.jpg 281w, https:\/\/host-inside.com\/floors\/wp-content\/uploads\/2025\/07\/img-sandwich-02-768x819.jpg 768w\" sizes=\"auto, (max-width: 950px) 100vw, 950px\" \/><\/figure>\n<\/div>\n\n\n<div style=\"height:55px\" aria-hidden=\"true\" class=\"wp-block-spacer\"><\/div>\n\n\n\n<h3 class=\"wp-block-heading has-text-color has-link-color wp-elements-db64e24685ba2d6337ec4a1823ef4403\" style=\"color:#606060\">NUESTRAS CERTIFICACIONES<\/h3>\n\n\n<div class=\"carousel-slider-outer carousel-slider-outer-image-carousel carousel-slider-outer-440\" style=\"--carousel-slider-nav-color:#f1f1f1;--carousel-slider-active-nav-color:#00d1b2;--carousel-slider-arrow-size:48px;--carousel-slider-bullet-size:10px\">\n<div id=\"&#039;id-440\" class=\"carousel-slider carousel-slider-440 arrows-visibility-never dots-visibility-never arrows-inside dots-center dots-circle owl-carousel\" data-slide-type=\"image-carousel\" data-owl-settings='{\"nav\":false,\"dots\":false,\"slideBy\":1,\"stagePadding\":0,\"margin\":10,\"loop\":true,\"lazyLoad\":false,\"autoplay\":true,\"autoplayTimeout\":5000,\"autoplaySpeed\":500,\"autoplayHoverPause\":true,\"autoWidth\":false,\"responsive\":{\"300\":{\"items\":1},\"576\":{\"items\":2},\"768\":{\"items\":2},\"1024\":{\"items\":3},\"1280\":{\"items\":4},\"1536\":{\"items\":4}}}'>\n<div class=\"carousel-slider__item\">\n\t<img loading=\"lazy\" decoding=\"async\" width=\"210\" height=\"140\" src=\"https:\/\/host-inside.com\/floors\/wp-content\/uploads\/2025\/07\/certificaciones01.jpg\" class=\"attachment-full size-full\" alt=\"\" \/><\/a><\/div>\n\n<div class=\"carousel-slider__item\">\n\t<img loading=\"lazy\" decoding=\"async\" width=\"210\" height=\"140\" src=\"https:\/\/host-inside.com\/floors\/wp-content\/uploads\/2025\/07\/certificaciones02.jpg\" class=\"attachment-full size-full\" alt=\"\" \/><\/a><\/div>\n\n<div class=\"carousel-slider__item\">\n\t<img loading=\"lazy\" decoding=\"async\" width=\"210\" height=\"140\" src=\"https:\/\/host-inside.com\/floors\/wp-content\/uploads\/2025\/07\/certificaciones03.jpg\" class=\"attachment-full size-full\" alt=\"\" \/><\/a><\/div>\n\n<div class=\"carousel-slider__item\">\n\t<img loading=\"lazy\" decoding=\"async\" width=\"210\" height=\"140\" src=\"https:\/\/host-inside.com\/floors\/wp-content\/uploads\/2025\/07\/certificaciones04.jpg\" class=\"attachment-full size-full\" alt=\"\" \/><\/a><\/div>\n\n<\/div><!-- .carousel-slider-440 -->\n<\/div><!-- .carousel-slider-outer-440 -->\n\n\n\n\n<div style=\"height:55px\" aria-hidden=\"true\" class=\"wp-block-spacer\"><\/div>\n","protected":false},"excerpt":{"rendered":"<p>SISTEMA SANDWICH El Sistema NOVO FLOORS SWM (SANDWICH) es de material impermeable y puede usarse para competencias nacionales e internacionales. Es nuestro sistema de m\u00e1s alta calidad que garantiza largo tiempo de vida y tambi\u00e9n est\u00e1 certificado por WORLD ATHLETICS. Cuando se busca algo de primer mundo NOVO FLOORS SWM (SANDWICH) es el indicado. Un [&hellip;]<\/p>\n","protected":false},"author":1,"featured_media":0,"parent":0,"menu_order":0,"comment_status":"closed","ping_status":"closed","template":"fullwidth.php","meta":{"_acf_changed":false,"footnotes":""},"class_list":["post-410","page","type-page","status-publish","hentry"],"acf":[],"_links":{"self":[{"href":"https:\/\/host-inside.com\/floors\/wp-json\/wp\/v2\/pages\/410","targetHints":{"allow":["GET"]}}],"collection":[{"href":"https:\/\/host-inside.com\/floors\/wp-json\/wp\/v2\/pages"}],"about":[{"href":"https:\/\/host-inside.com\/floors\/wp-json\/wp\/v2\/types\/page"}],"author":[{"embeddable":true,"href":"https:\/\/host-inside.com\/floors\/wp-json\/wp\/v2\/users\/1"}],"replies":[{"embeddable":true,"href":"https:\/\/host-inside.com\/floors\/wp-json\/wp\/v2\/comments?post=410"}],"version-history":[{"count":3,"href":"https:\/\/host-inside.com\/floors\/wp-json\/wp\/v2\/pages\/410\/revisions"}],"predecessor-version":[{"id":599,"href":"https:\/\/host-inside.com\/floors\/wp-json\/wp\/v2\/pages\/410\/revisions\/599"}],"wp:attachment":[{"href":"https:\/\/host-inside.com\/floors\/wp-json\/wp\/v2\/media?parent=410"}],"curies":[{"name":"wp","href":"https:\/\/api.w.org\/{rel}","templated":true}]}}