{"id":9,"date":"2024-09-26T05:31:28","date_gmt":"2024-09-26T05:31:28","guid":{"rendered":"https:\/\/host-inside.com\/floors\/previo\/?page_id=9"},"modified":"2025-07-17T04:36:48","modified_gmt":"2025-07-17T04:36:48","slug":"nosotros","status":"publish","type":"page","link":"https:\/\/host-inside.com\/floors\/nosotros\/","title":{"rendered":"Nosotros"},"content":{"rendered":"\n<div class=\"wp-block-themepunch-revslider revslider\" data-modal=\"false\" data-slidertitle=\"Slider nosotros\" style=\"\">\n\t\t\t\t<p class=\"rs-p-wp-fix\"><\/p>\n\t\t\t\t<sr7-module data-alias=\"slidernosotros\" data-id=\"7\" id=\"SR7_7_1\" class=\"rs-ov-hidden\" data-version=\"6.7.18\">\n\t\t\t\t\t<sr7-adjuster><\/sr7-adjuster>\n\t\t\t\t\t<sr7-content>\n\t\t\t\t\t\t<sr7-slide id=\"SR7_7_1-19\" data-key=\"19\">\n\t\t\t\t\t\t\t<sr7-bg id=\"SR7_7_1-19-2\" class=\"sr7-layer\"><noscript><img decoding=\"async\" src=\"https:\/\/host-inside.com\/floors\/wp-content\/uploads\/2025\/07\/cabecera-home.jpg\" alt=\"\" title=\"cabecera-home\"><\/noscript><\/sr7-bg>\n\t\t\t\t\t\t\t<sr7-txt id=\"SR7_7_1-19-0\" class=\"sr7-layer\">NOSOTROS SOMOS<\/sr7-txt>\n\t\t\t\t\t\t\t<a id=\"SR7_7_1-19-1\" class=\"sr7-layer\" href=\"https:\/\/host-inside.com\/floors\/contacto\/\" target=\"_self\">CONT\u00c1CTANOS<\/a>\n\t\t\t\t\t\t<\/sr7-slide>\n\t\t\t\t\t\t<sr7-slide id=\"SR7_7_1-21\" data-key=\"21\">\n\t\t\t\t\t\t<\/sr7-slide>\n\t\t\t\t\t<\/sr7-content>\n\t\t\t\t\t<image_lists style=\"display:none\">\n\t\t\t\t\t\t<img data-src=\"\/\/host-inside.com\/floors\/wp-content\/uploads\/2025\/07\/cabecera-home.jpg\" data-libid=\"420\" data-lib=\"medialibrary\" title=\"cabecera-home\" width=\"0\" height=\"0\" data-dbsrc=\"Ly9ob3N0LWluc2lkZS5jb20vZmxvb3JzL3dwLWNvbnRlbnQvdXBsb2Fkcy8yMDI1LzA3L2NhYmVjZXJhLWhvbWUuanBn\"\/>\n\t\t\t\t\t<\/image_lists>\n\t\t\t\t<\/sr7-module>\n\t\t\t\t<script>\n\t\t\t\t\tSR7.PMH ??={}; SR7.PMH[\"SR7_7_1\"] = {cn:0,state:false,fn: function() { if (_tpt!==undefined && _tpt.prepareModuleHeight !== undefined) {  _tpt.prepareModuleHeight({id:\"SR7_7_1\",el:[400,400,768,960,720],type:'standard',shdw:'0',gh:[400,400,330,251,155],gw:[1240,1240,1024,778,480],vpt:['100px'],size:{fullWidth:true, fullHeight:false},mh:'0',onh:0,onw:0,bg:{color:'{\"orig\":\"transparent\",\"type\":\"solid\",\"string\":\"transparent\"}'}});   SR7.PMH[\"SR7_7_1\"].state=true;} else if((SR7.PMH[\"SR7_7_1\"].cn++)<100)\tsetTimeout( SR7.PMH[\"SR7_7_1\"].fn,19);}};SR7.PMH[\"SR7_7_1\" ].fn();\n\t\t\t\t<\/script>\n<\/div>\n\n\n\n<div style=\"height:64px\" aria-hidden=\"true\" class=\"wp-block-spacer\"><\/div>\n\n\n\n<div class=\"wp-block-columns is-layout-flex wp-container-core-columns-is-layout-9d6595d7 wp-block-columns-is-layout-flex\">\n<div class=\"wp-block-column is-layout-flow wp-block-column-is-layout-flow\" style=\"flex-basis:60%\">\n<h3 class=\"wp-block-heading color-azul\">M\u00e1s de 12 a\u00f1os de experiencia construyendo pistas de atletismo.<\/h3>\n\n\n\n<p class=\"text-justify\"><em>Es una empresa mexicana de talla internacional con los m\u00e1s altos est\u00e1ndares de calidad en todos sus productos.<\/em><\/p>\n\n\n\n<p class=\"text-justify\"><em>Todo su personal de instalaci\u00f3n est\u00e1 altamente calificado para el desarrollo y ejecuci\u00f3n de superficies deportivas con m\u00e1s de 10 a\u00f1os de experiencia en instalaciones de pistas de atletismo. Su equipo profesional t\u00e9cnico, cuenta con la experiencia para el desarrollo de especificaciones t\u00e9cnicas y trabajo de campo.<\/em><\/p>\n\n\n\n<div class=\"wp-block-buttons is-layout-flex wp-block-buttons-is-layout-flex\">\n<div class=\"wp-block-button btn-azul float-left btn-con-home\"><a class=\"wp-block-button__link wp-element-button\" href=\"https:\/\/host-inside.com\/floors\/contacto\/\">CONT\u00c1CTANOS<\/a><\/div>\n<\/div>\n<\/div>\n\n\n\n<div class=\"wp-block-column is-layout-flow wp-block-column-is-layout-flow\" style=\"flex-basis:33.33%\">\n<div class=\"wp-block-themepunch-revslider revslider\" data-modal=\"false\" data-slidertitle=\"Slider 2\" style=\"\">\n\t\t\t\t<p class=\"rs-p-wp-fix\"><\/p>\n\t\t\t\t<sr7-module data-alias=\"slider-2\" data-id=\"2\" id=\"SR7_2_2\" class=\"rs-ov-hidden\" data-version=\"6.7.18\">\n\t\t\t\t\t<sr7-adjuster><\/sr7-adjuster>\n\t\t\t\t\t<sr7-content>\n\t\t\t\t\t\t<sr7-carousel>\n\t\t\t\t\t\t<sr7-slide id=\"SR7_2_2-4\" data-key=\"4\">\n\t\t\t\t\t\t\t<sr7-bg id=\"SR7_2_2-4-1\" class=\"sr7-layer\"><noscript><img decoding=\"async\" src=\"https:\/\/host-inside.com\/floors\/wp-content\/uploads\/2025\/07\/imagen-home.jpg\" alt=\"\" title=\"imagen home\"><\/noscript><\/sr7-bg>\n\t\t\t\t\t\t<\/sr7-slide>\n\t\t\t\t\t\t<sr7-slide id=\"SR7_2_2-6\" data-key=\"6\">\n\t\t\t\t\t\t\t<sr7-bg id=\"SR7_2_2-6-1\" class=\"sr7-layer\"><noscript><img decoding=\"async\" src=\"https:\/\/host-inside.com\/floors\/wp-content\/uploads\/2025\/07\/nosotros_carrusel_1.jpg\" alt=\"\" title=\"nosotros_carrusel_1\"><\/noscript><\/sr7-bg>\n\t\t\t\t\t\t<\/sr7-slide>\n\t\t\t\t\t\t<sr7-slide id=\"SR7_2_2-28\" data-key=\"28\">\n\t\t\t\t\t\t\t<sr7-bg id=\"SR7_2_2-28-1\" class=\"sr7-layer\"><noscript><img decoding=\"async\" src=\"https:\/\/host-inside.com\/floors\/wp-content\/uploads\/2025\/07\/nosotros_carrusel_2.jpg\" alt=\"\" title=\"nosotros_carrusel_2\"><\/noscript><\/sr7-bg>\n\t\t\t\t\t\t<\/sr7-slide>\n\t\t\t\t\t\t<sr7-slide id=\"SR7_2_2-29\" data-key=\"29\">\n\t\t\t\t\t\t\t<sr7-bg id=\"SR7_2_2-29-1\" class=\"sr7-layer\"><noscript><img decoding=\"async\" src=\"https:\/\/host-inside.com\/floors\/wp-content\/uploads\/2025\/07\/nosotros_carrusel_3.jpg\" alt=\"\" title=\"nosotros_carrusel_3\"><\/noscript><\/sr7-bg>\n\t\t\t\t\t\t<\/sr7-slide>\n\t\t\t\t\t\t<sr7-slide id=\"SR7_2_2-36\" data-key=\"36\">\n\t\t\t\t\t\t\t<sr7-bg id=\"SR7_2_2-36-1\" class=\"sr7-layer\"><noscript><img decoding=\"async\" src=\"https:\/\/host-inside.com\/floors\/wp-content\/uploads\/2025\/07\/nosotros_carrusel_4.jpg\" alt=\"\" title=\"nosotros_carrusel_4\"><\/noscript><\/sr7-bg>\n\t\t\t\t\t\t<\/sr7-slide>\n\t\t\t\t\t\t<sr7-slide id=\"SR7_2_2-5\" data-key=\"5\">\n\t\t\t\t\t\t<\/sr7-slide>\n\t\t\t\t\t\t<\/sr7-carousel>\n\t\t\t\t\t<\/sr7-content>\n\t\t\t\t\t<image_lists style=\"display:none\">\n\t\t\t\t\t\t<img data-src=\"\/\/host-inside.com\/floors\/wp-content\/uploads\/2025\/07\/imagen-home.jpg\" data-libid=\"422\" data-lib=\"medialibrary\" title=\"imagen home\" width=\"0\" height=\"0\" data-dbsrc=\"Ly9ob3N0LWluc2lkZS5jb20vZmxvb3JzL3dwLWNvbnRlbnQvdXBsb2Fkcy8yMDI1LzA3L2ltYWdlbi1ob21lLmpwZw==\"\/>\n\t\t\t\t\t\t<img data-src=\"\/\/host-inside.com\/floors\/wp-content\/uploads\/2025\/07\/nosotros_carrusel_1.jpg\" data-libid=\"559\" data-lib=\"medialibrary\" title=\"nosotros_carrusel_1\" width=\"0\" height=\"0\" data-dbsrc=\"Ly9ob3N0LWluc2lkZS5jb20vZmxvb3JzL3dwLWNvbnRlbnQvdXBsb2Fkcy8yMDI1LzA3L25vc290cm9zX2NhcnJ1c2VsXzEuanBn\"\/>\n\t\t\t\t\t\t<img data-src=\"\/\/host-inside.com\/floors\/wp-content\/uploads\/2025\/07\/nosotros_carrusel_2.jpg\" data-libid=\"560\" data-lib=\"medialibrary\" title=\"nosotros_carrusel_2\" width=\"0\" height=\"0\" data-dbsrc=\"Ly9ob3N0LWluc2lkZS5jb20vZmxvb3JzL3dwLWNvbnRlbnQvdXBsb2Fkcy8yMDI1LzA3L25vc290cm9zX2NhcnJ1c2VsXzIuanBn\"\/>\n\t\t\t\t\t\t<img data-src=\"\/\/host-inside.com\/floors\/wp-content\/uploads\/2025\/07\/nosotros_carrusel_3.jpg\" data-libid=\"561\" data-lib=\"medialibrary\" title=\"nosotros_carrusel_3\" width=\"0\" height=\"0\" data-dbsrc=\"Ly9ob3N0LWluc2lkZS5jb20vZmxvb3JzL3dwLWNvbnRlbnQvdXBsb2Fkcy8yMDI1LzA3L25vc290cm9zX2NhcnJ1c2VsXzMuanBn\"\/>\n\t\t\t\t\t\t<img data-src=\"\/\/host-inside.com\/floors\/wp-content\/uploads\/2025\/07\/nosotros_carrusel_4.jpg\" data-libid=\"562\" data-lib=\"medialibrary\" title=\"nosotros_carrusel_4\" width=\"0\" height=\"0\" data-dbsrc=\"Ly9ob3N0LWluc2lkZS5jb20vZmxvb3JzL3dwLWNvbnRlbnQvdXBsb2Fkcy8yMDI1LzA3L25vc290cm9zX2NhcnJ1c2VsXzQuanBn\"\/>\n\t\t\t\t\t<\/image_lists>\n\t\t\t\t<\/sr7-module>\n\t\t\t\t<script>\n\t\t\t\t\tSR7.PMH ??={}; SR7.PMH[\"SR7_2_2\"] = {cn:0,state:false,fn: function() { if (_tpt!==undefined && _tpt.prepareModuleHeight !== undefined) {  _tpt.prepareModuleHeight({id:\"SR7_2_2\",el:[630,630,768,960,720],type:'carousel',shdw:'0',gh:[630,630,630,630,630],gw:[420,420,420,420,420],vpt:['100px'],size:{fullWidth:false, fullHeight:false},mh:'0',onh:0,onw:0,bg:{color:'{\"orig\":\"transparent\",\"type\":\"solid\",\"string\":\"transparent\"}'},carousel:{pt:'0',pb:'0'}});   SR7.PMH[\"SR7_2_2\"].state=true;} else if((SR7.PMH[\"SR7_2_2\"].cn++)<100)\tsetTimeout( SR7.PMH[\"SR7_2_2\"].fn,19);}};SR7.PMH[\"SR7_2_2\" ].fn();\n\t\t\t\t<\/script>\n<\/div>\n<\/div>\n<\/div>\n","protected":false},"excerpt":{"rendered":"<p>M\u00e1s de 12 a\u00f1os de experiencia construyendo pistas de atletismo. Es una empresa mexicana de talla internacional con los m\u00e1s altos est\u00e1ndares de calidad en todos sus productos. Todo su personal de instalaci\u00f3n est\u00e1 altamente calificado para el desarrollo y ejecuci\u00f3n de superficies deportivas con m\u00e1s de 10 a\u00f1os de experiencia en instalaciones de pistas [&hellip;]<\/p>\n","protected":false},"author":1,"featured_media":0,"parent":0,"menu_order":0,"comment_status":"closed","ping_status":"closed","template":"fullwidth.php","meta":{"_acf_changed":false,"footnotes":""},"class_list":["post-9","page","type-page","status-publish","hentry"],"acf":[],"_links":{"self":[{"href":"https:\/\/host-inside.com\/floors\/wp-json\/wp\/v2\/pages\/9","targetHints":{"allow":["GET"]}}],"collection":[{"href":"https:\/\/host-inside.com\/floors\/wp-json\/wp\/v2\/pages"}],"about":[{"href":"https:\/\/host-inside.com\/floors\/wp-json\/wp\/v2\/types\/page"}],"author":[{"embeddable":true,"href":"https:\/\/host-inside.com\/floors\/wp-json\/wp\/v2\/users\/1"}],"replies":[{"embeddable":true,"href":"https:\/\/host-inside.com\/floors\/wp-json\/wp\/v2\/comments?post=9"}],"version-history":[{"count":13,"href":"https:\/\/host-inside.com\/floors\/wp-json\/wp\/v2\/pages\/9\/revisions"}],"predecessor-version":[{"id":570,"href":"https:\/\/host-inside.com\/floors\/wp-json\/wp\/v2\/pages\/9\/revisions\/570"}],"wp:attachment":[{"href":"https:\/\/host-inside.com\/floors\/wp-json\/wp\/v2\/media?parent=9"}],"curies":[{"name":"wp","href":"https:\/\/api.w.org\/{rel}","templated":true}]}}